{"id":110,"date":"2022-05-16T19:19:01","date_gmt":"2022-05-16T19:19:01","guid":{"rendered":"https:\/\/estudioosambela.com.ar\/?page_id=110"},"modified":"2022-05-16T19:19:02","modified_gmt":"2022-05-16T19:19:02","slug":"accidentes-de-trabajo","status":"publish","type":"page","link":"https:\/\/estudioosambela.com.ar\/index.php\/accidentes-de-trabajo\/","title":{"rendered":"Accidentes de trabajo"},"content":{"rendered":"\n<p class=\"has-text-align-left\">Nos dedicamos al reclamo por accidentes de trabajo y enfermedades profesionales.<\/p>\n\n\n\n<p class=\"has-text-align-left\">Todo trabajador pone su mano de obra (cuerpo) a disposici\u00f3n del empleador para que juntos contribuyan al fin empresarial (lucro). <\/p>\n\n\n\n<p class=\"has-text-align-left\">La actividad laboral somete el trabajador a un riesgo de car\u00e1cter objetivo; para ello la legislaci\u00f3n estableci\u00f3 un sistema de reparaci\u00f3n de los posibles infortunios (accidentes) o enfermedades a consecuencia de dicha actividad realizada para la empresa.<\/p>\n\n\n\n<p class=\"has-text-align-left\">El accidente de trabajo es todo hecho s\u00fabito y violento que acarrea una consecuencia da\u00f1osa para el trabajador tanto en su aspecto f\u00edsico como ps\u00edquico.<\/p>\n\n\n\n<p class=\"has-text-align-left\">La enfermedad profesional es aquella que deteriora la salud del trabajador y que es consecuencia de los agentes de riesgo que se encuentran presentes en las actividades que este realiza.<\/p>\n\n\n\n<p class=\"has-text-align-left\">Ambas pueden generar secuelas incapacitantes para el trabajador; es decir cercenar su capacidad psicof\u00edsica provocando una disminuci\u00f3n de sus aptitudes la cual no puede ser recuperada por la rehabilitaci\u00f3n medica pertinente.<\/p>\n\n\n\n<p class=\"has-text-align-left\">Dicha disminuci\u00f3n de incapacidad, trae aparejada la indemnizaci\u00f3n correspondiente a los fines de compensar dicha perdida (la indemnizaci\u00f3n por incapacidad nunca genera enriquecimiento).<\/p>\n\n\n\n<p class=\"has-text-align-left\">Las ART son las aseguradoras de estos infortunios y tienen no solo la obligaci\u00f3n de asistir medicamente al trabajador y propinarle el adecuado tratamiento sino tambi\u00e9n, en el caso de existir incapacidad resultante abonar dicha indemnizaci\u00f3n. <\/p>\n\n\n\n<p class=\"has-text-align-left\">Para los casos de trabajo no registrado; es el empleador quien debe cargar con dicha responsabilidad; o la ART que este hubiese contratado si as\u00ed lo fuera.<\/p>\n\n\n\n<p class=\"has-text-align-left\">En nuestro estudio realizamos un acompa\u00f1amiento del trabajador por todas las fases del infortunio, en primer lugar desde que recibe la primera atenci\u00f3n medica hasta su posterior alta y posteriormente hasta agotar el reclamo indemnizatorio que de corresponder puede ser resarcido tanto en sede administrativa (comisiones medicas de la SRT -Super intendencia de Riesgos de Trabajo) como en sede judicial.<\/p>\n\n\n\n<p class=\"has-text-align-left\">No dudes en consultarnos, contamos con todas las herramientas necesarias para hacer valer tus derechos.<\/p>\n<!-- AddThis Advanced Settings generic via filter on the_content --><!-- AddThis Related Posts generic via filter on the_content -->","protected":false},"excerpt":{"rendered":"<p>Nos dedicamos al reclamo por accidentes de trabajo y enfermedades profesionales. Todo trabajador pone su mano de obra (cuerpo) a disposici\u00f3n del empleador para que juntos contribuyan al fin empresarial (lucro). La actividad laboral somete el trabajador a un riesgo de car\u00e1cter objetivo; para ello la legislaci\u00f3n estableci\u00f3 un sistema de reparaci\u00f3n de los posibles&hellip; <br \/> <a class=\"read-more\" href=\"https:\/\/estudioosambela.com.ar\/index.php\/accidentes-de-trabajo\/\">Read more<\/a><!-- AddThis Advanced Settings generic via filter on get_the_excerpt --><!-- AddThis Related Posts generic via filter on get_the_excerpt --><\/p>\n","protected":false},"author":1,"featured_media":0,"parent":0,"menu_order":0,"comment_status":"closed","ping_status":"closed","template":"","meta":{"footnotes":""},"yoast_head":"<!-- This site is optimized with the Yoast SEO plugin v21.5 - https:\/\/yoast.com\/wordpress\/plugins\/seo\/ -->\n<title>Accidentes de trabajo &#8211; estudioosambela<\/title>\n<meta name=\"robots\" content=\"index, follow, max-snippet:-1, max-image-preview:large, max-video-preview:-1\" \/>\n<link rel=\"canonical\" href=\"https:\/\/estudioosambela.com.ar\/index.php\/accidentes-de-trabajo\/\" \/>\n<meta property=\"og:locale\" content=\"es_ES\" \/>\n<meta property=\"og:type\" content=\"article\" \/>\n<meta property=\"og:title\" content=\"Accidentes de trabajo &#8211; estudioosambela\" \/>\n<meta property=\"og:description\" content=\"Nos dedicamos al reclamo por accidentes de trabajo y enfermedades profesionales. Todo trabajador pone su mano de obra (cuerpo) a disposici\u00f3n del empleador para que juntos contribuyan al fin empresarial (lucro). La actividad laboral somete el trabajador a un riesgo de car\u00e1cter objetivo; para ello la legislaci\u00f3n estableci\u00f3 un sistema de reparaci\u00f3n de los posibles&hellip; Read more\" \/>\n<meta property=\"og:url\" content=\"https:\/\/estudioosambela.com.ar\/index.php\/accidentes-de-trabajo\/\" \/>\n<meta property=\"og:site_name\" content=\"estudioosambela\" \/>\n<meta property=\"article:publisher\" content=\"https:\/\/www.facebook.com\/dr.osambela\/\" \/>\n<meta property=\"article:modified_time\" content=\"2022-05-16T19:19:02+00:00\" \/>\n<meta name=\"twitter:card\" content=\"summary_large_image\" \/>\n<meta name=\"twitter:label1\" content=\"Tiempo de lectura\" \/>\n\t<meta name=\"twitter:data1\" content=\"2 minutos\" \/>\n<script type=\"application\/ld+json\" class=\"yoast-schema-graph\">{\"@context\":\"https:\/\/schema.org\",\"@graph\":[{\"@type\":\"WebPage\",\"@id\":\"https:\/\/estudioosambela.com.ar\/index.php\/accidentes-de-trabajo\/\",\"url\":\"https:\/\/estudioosambela.com.ar\/index.php\/accidentes-de-trabajo\/\",\"name\":\"Accidentes de trabajo &#8211; estudioosambela\",\"isPartOf\":{\"@id\":\"https:\/\/estudioosambela.com.ar\/#website\"},\"datePublished\":\"2022-05-16T19:19:01+00:00\",\"dateModified\":\"2022-05-16T19:19:02+00:00\",\"breadcrumb\":{\"@id\":\"https:\/\/estudioosambela.com.ar\/index.php\/accidentes-de-trabajo\/#breadcrumb\"},\"inLanguage\":\"es-AR\",\"potentialAction\":[{\"@type\":\"ReadAction\",\"target\":[\"https:\/\/estudioosambela.com.ar\/index.php\/accidentes-de-trabajo\/\"]}]},{\"@type\":\"BreadcrumbList\",\"@id\":\"https:\/\/estudioosambela.com.ar\/index.php\/accidentes-de-trabajo\/#breadcrumb\",\"itemListElement\":[{\"@type\":\"ListItem\",\"position\":1,\"name\":\"Inicio\",\"item\":\"https:\/\/estudioosambela.com.ar\/\"},{\"@type\":\"ListItem\",\"position\":2,\"name\":\"Accidentes de trabajo\"}]},{\"@type\":\"WebSite\",\"@id\":\"https:\/\/estudioosambela.com.ar\/#website\",\"url\":\"https:\/\/estudioosambela.com.ar\/\",\"name\":\"estudioosambela\",\"description\":\"Estudio Jurido integral\",\"publisher\":{\"@id\":\"https:\/\/estudioosambela.com.ar\/#organization\"},\"potentialAction\":[{\"@type\":\"SearchAction\",\"target\":{\"@type\":\"EntryPoint\",\"urlTemplate\":\"https:\/\/estudioosambela.com.ar\/?s={search_term_string}\"},\"query-input\":\"required name=search_term_string\"}],\"inLanguage\":\"es-AR\"},{\"@type\":\"Organization\",\"@id\":\"https:\/\/estudioosambela.com.ar\/#organization\",\"name\":\"Estudio Jur\u00eddico Osambela\",\"url\":\"https:\/\/estudioosambela.com.ar\/\",\"logo\":{\"@type\":\"ImageObject\",\"inLanguage\":\"es-AR\",\"@id\":\"https:\/\/estudioosambela.com.ar\/#\/schema\/logo\/image\/\",\"url\":\"https:\/\/estudioosambela.com.ar\/wp-content\/uploads\/2020\/01\/JUAN-LOGO_horiz_5.jpg\",\"contentUrl\":\"https:\/\/estudioosambela.com.ar\/wp-content\/uploads\/2020\/01\/JUAN-LOGO_horiz_5.jpg\",\"width\":797,\"height\":472,\"caption\":\"Estudio Jur\u00eddico Osambela\"},\"image\":{\"@id\":\"https:\/\/estudioosambela.com.ar\/#\/schema\/logo\/image\/\"},\"sameAs\":[\"https:\/\/www.facebook.com\/dr.osambela\/\",\"https:\/\/www.instagram.com\/estudioosambela\/\",\"https:\/\/www.linkedin.com\/in\/juan-cruz-osambela\/\"]}]}<\/script>\n<!-- \/ Yoast SEO plugin. -->","yoast_head_json":{"title":"Accidentes de trabajo &#8211; estudioosambela","robots":{"index":"index","follow":"follow","max-snippet":"max-snippet:-1","max-image-preview":"max-image-preview:large","max-video-preview":"max-video-preview:-1"},"canonical":"https:\/\/estudioosambela.com.ar\/index.php\/accidentes-de-trabajo\/","og_locale":"es_ES","og_type":"article","og_title":"Accidentes de trabajo &#8211; estudioosambela","og_description":"Nos dedicamos al reclamo por accidentes de trabajo y enfermedades profesionales. Todo trabajador pone su mano de obra (cuerpo) a disposici\u00f3n del empleador para que juntos contribuyan al fin empresarial (lucro). La actividad laboral somete el trabajador a un riesgo de car\u00e1cter objetivo; para ello la legislaci\u00f3n estableci\u00f3 un sistema de reparaci\u00f3n de los posibles&hellip; Read more","og_url":"https:\/\/estudioosambela.com.ar\/index.php\/accidentes-de-trabajo\/","og_site_name":"estudioosambela","article_publisher":"https:\/\/www.facebook.com\/dr.osambela\/","article_modified_time":"2022-05-16T19:19:02+00:00","twitter_card":"summary_large_image","twitter_misc":{"Tiempo de lectura":"2 minutos"},"schema":{"@context":"https:\/\/schema.org","@graph":[{"@type":"WebPage","@id":"https:\/\/estudioosambela.com.ar\/index.php\/accidentes-de-trabajo\/","url":"https:\/\/estudioosambela.com.ar\/index.php\/accidentes-de-trabajo\/","name":"Accidentes de trabajo &#8211; estudioosambela","isPartOf":{"@id":"https:\/\/estudioosambela.com.ar\/#website"},"datePublished":"2022-05-16T19:19:01+00:00","dateModified":"2022-05-16T19:19:02+00:00","breadcrumb":{"@id":"https:\/\/estudioosambela.com.ar\/index.php\/accidentes-de-trabajo\/#breadcrumb"},"inLanguage":"es-AR","potentialAction":[{"@type":"ReadAction","target":["https:\/\/estudioosambela.com.ar\/index.php\/accidentes-de-trabajo\/"]}]},{"@type":"BreadcrumbList","@id":"https:\/\/estudioosambela.com.ar\/index.php\/accidentes-de-trabajo\/#breadcrumb","itemListElement":[{"@type":"ListItem","position":1,"name":"Inicio","item":"https:\/\/estudioosambela.com.ar\/"},{"@type":"ListItem","position":2,"name":"Accidentes de trabajo"}]},{"@type":"WebSite","@id":"https:\/\/estudioosambela.com.ar\/#website","url":"https:\/\/estudioosambela.com.ar\/","name":"estudioosambela","description":"Estudio Jurido integral","publisher":{"@id":"https:\/\/estudioosambela.com.ar\/#organization"},"potentialAction":[{"@type":"SearchAction","target":{"@type":"EntryPoint","urlTemplate":"https:\/\/estudioosambela.com.ar\/?s={search_term_string}"},"query-input":"required name=search_term_string"}],"inLanguage":"es-AR"},{"@type":"Organization","@id":"https:\/\/estudioosambela.com.ar\/#organization","name":"Estudio Jur\u00eddico Osambela","url":"https:\/\/estudioosambela.com.ar\/","logo":{"@type":"ImageObject","inLanguage":"es-AR","@id":"https:\/\/estudioosambela.com.ar\/#\/schema\/logo\/image\/","url":"https:\/\/estudioosambela.com.ar\/wp-content\/uploads\/2020\/01\/JUAN-LOGO_horiz_5.jpg","contentUrl":"https:\/\/estudioosambela.com.ar\/wp-content\/uploads\/2020\/01\/JUAN-LOGO_horiz_5.jpg","width":797,"height":472,"caption":"Estudio Jur\u00eddico Osambela"},"image":{"@id":"https:\/\/estudioosambela.com.ar\/#\/schema\/logo\/image\/"},"sameAs":["https:\/\/www.facebook.com\/dr.osambela\/","https:\/\/www.instagram.com\/estudioosambela\/","https:\/\/www.linkedin.com\/in\/juan-cruz-osambela\/"]}]}},"_links":{"self":[{"href":"https:\/\/estudioosambela.com.ar\/index.php\/wp-json\/wp\/v2\/pages\/110"}],"collection":[{"href":"https:\/\/estudioosambela.com.ar\/index.php\/wp-json\/wp\/v2\/pages"}],"about":[{"href":"https:\/\/estudioosambela.com.ar\/index.php\/wp-json\/wp\/v2\/types\/page"}],"author":[{"embeddable":true,"href":"https:\/\/estudioosambela.com.ar\/index.php\/wp-json\/wp\/v2\/users\/1"}],"replies":[{"embeddable":true,"href":"https:\/\/estudioosambela.com.ar\/index.php\/wp-json\/wp\/v2\/comments?post=110"}],"version-history":[{"count":1,"href":"https:\/\/estudioosambela.com.ar\/index.php\/wp-json\/wp\/v2\/pages\/110\/revisions"}],"predecessor-version":[{"id":112,"href":"https:\/\/estudioosambela.com.ar\/index.php\/wp-json\/wp\/v2\/pages\/110\/revisions\/112"}],"wp:attachment":[{"href":"https:\/\/estudioosambela.com.ar\/index.php\/wp-json\/wp\/v2\/media?parent=110"}],"curies":[{"name":"wp","href":"https:\/\/api.w.org\/{rel}","templated":true}]}}