{"id":51,"date":"2020-01-14T03:07:01","date_gmt":"2020-01-14T03:07:01","guid":{"rendered":"https:\/\/estudioosambela.com.ar\/?page_id=51"},"modified":"2020-01-14T03:21:55","modified_gmt":"2020-01-14T03:21:55","slug":"derecho-laboral","status":"publish","type":"page","link":"https:\/\/estudioosambela.com.ar\/index.php\/derecho-laboral\/","title":{"rendered":"Derecho laboral."},"content":{"rendered":"\n<p>Nos dedicamos al derecho laboral abarcando, como hemos dicho tanto al empleador como al trabajador. Poseemos experiencia en el \u00e1rea, intentando siempre abordar cada tem\u00e1tica con estrategias de negociaci\u00f3n privada, previas a las pertinentes instancias judiciales posteriores.<\/p>\n\n\n\n<p>Entendemos que las formas alternativas de solucionar conflictos son expeditas y menos costosas, por tanto es necesario adaptar las estrategias para la pronta resoluci\u00f3n de los conflictos en el \u00e1mbito privado.<\/p>\n\n\n\n<p>Por parte trabajadora, nos especializamos en despidos, accidentes de trabajo y enfermedades profesionales, goce de licencias, mobing laboral, enfermedades inculpables, entre otros. No dudes es consultarnos cualquiera sea tu situaci\u00f3n.<\/p>\n\n\n\n<p>Por parte empleadora, realizamos el asesoramiento integral, desde el an\u00e1lisis de la empresa desde la perspectiva jur\u00eddica laboral, el proceso de toma del recurso humano, asesoramiento de las distintas problem\u00e1ticas referente al recurso humano de la empresa, como tambi\u00e9n la defensa en potenciales litigios. <\/p>\n\n\n\n<h3 class=\"wp-block-heading\">Trabajadores.<\/h3>\n\n\n\n<p>En general el primer contacto de un trabajador con nuestro estudio se da como consecuencia de algunas de las cl\u00e1sicas problematicas, despido, suspensi\u00f3n, accidente, incumplimientos por parte del empleador, trabajo en &#8220;negro&#8221; o como corresponde decir &#8220;no registrado&#8221;.<\/p>\n\n\n\n<p>Nuestro objetivo, adem\u00e1s de evacuar la consulta y realizar las practicas t\u00e9cnicas necesarias para recomponer o reestablecer la situaci\u00f3n, es en primer lugar tener una entrevista con el cliente en nuestro estudio (dentro de lo posible seg\u00fan la urgencia de cada caso) para poder tomar conocimiento de las distintas realidades a las cuales esta expuesto el trabajador y a partir de poder reunir la informaci\u00f3n correspondiente, poder trazar la estrategia que permita alcanzar los objetivos propuestos.<\/p>\n\n\n\n<p>Siempre de manera clara y concisa, darle al trabajador todas las posibilidades que permita el ordenamiento jur\u00eddico para cada situaci\u00f3n, poniendo la decisi\u00f3n en la esfera de su intima convicci\u00f3n, y asesorando al cliente para que tenga las herramientas necesarias que permita dicha toma de decisiones<\/p>\n\n\n\n<p>La practica responsable del derecho, se plasma en resultados concretos, es cuesti\u00f3n de poder identificar la problem\u00e1tica y arribar a una soluci\u00f3n que satisfaga las necesidades de nuestros clientes, como puede ser desde el derecho a ser indemnizado, a que cesen la hostilidad por parte del empleador, o a restablecer la relaci\u00f3n laboral a una situaci\u00f3n anterior a la conflictiva.<\/p>\n\n\n\n<p>No dudes en contactarnos,  por cualquiera de los medios disponibles, en la brevedad devolveremos con un llamado o un mensaje para coordinar y avanzar sobre la problem\u00e1tica.<\/p>\n\n\n\n<p><\/p>\n\n\n\n<h3 class=\"wp-block-heading\">Empleador.<\/h3>\n\n\n\n<p>El asesoramiento con el empleador es un \u00e1rea que requiere de una praxis especifica y que permita al cliente poder tener un manejo del recurso humano que sea sustentable en el tiempo, principio b\u00e1sico para que el negocio prospere y que la organizaci\u00f3n no solo permanezca en el tiempo sino que siente las bases del crecimiento y desarrollo.<\/p>\n\n\n\n<p>Por lo expuesto, el primer punto de contacto que obligatoriamente debe tener el cliente con el profesional, es en cuanto a la incorporaci\u00f3n del recurso humano. Un buen encuadre jur\u00eddico de los trabajadores y la actividad desarrollada, permite prevenir cualquier viscisitud que ponga en riesgo el capital empresario.<\/p>\n\n\n\n<p>En segundo lugar, luego de realizar dicho encuadre jur\u00eddico, o asimismo el an\u00e1lisis del encuadre existente, la incorporaci\u00f3n del RRHH a la empresa debe ser de forma planificada y tomando los recaudos necesarios para al menos disminuir potenciales riesgos. Para ello, el proceso de selecci\u00f3n debe ser de calidad.<\/p>\n\n\n\n<p>En segundo lugar, hay que ponderar la necesidad de un correcto manejo de las situaciones emergentes de las relaciones laborales y porque no personales. Es necesario una toma de desiciones en cuanto al recurso humano, informada, t\u00e9cnica y despojada de subjetividades, siempre con el foco puesto en la reducci\u00f3n de la conflictividad.<\/p>\n\n\n\n<p>Por ultimo, quedara el abordaje jur\u00eddico de cada situaci\u00f3n en particular, tamizada por todas las medidas preventivas propuestas, que obligara buscar en cada caso en particular la soluci\u00f3n mas beneficiosa para la organizaci\u00f3n.<\/p>\n\n\n\n<p>Estamos dispuestos a integrarnos junto a la empresa, en un trabajo mancomunado que permita el desarrollo de la misma y de su capital humano.<\/p>\n\n\n\n<p>No dudes en consultarnos, estamos a tu disposici\u00f3n<\/p>\n<!-- AddThis Advanced Settings generic via filter on the_content --><!-- AddThis Related Posts generic via filter on the_content -->","protected":false},"excerpt":{"rendered":"<p>Nos dedicamos al derecho laboral abarcando, como hemos dicho tanto al empleador como al trabajador. Poseemos experiencia en el \u00e1rea, intentando siempre abordar cada tem\u00e1tica con estrategias de negociaci\u00f3n privada, previas a las pertinentes instancias judiciales posteriores. Entendemos que las formas alternativas de solucionar conflictos son expeditas y menos costosas, por tanto es necesario adaptar&hellip; <br \/> <a class=\"read-more\" href=\"https:\/\/estudioosambela.com.ar\/index.php\/derecho-laboral\/\">Read more<\/a><!-- AddThis Advanced Settings generic via filter on get_the_excerpt --><!-- AddThis Related Posts generic via filter on get_the_excerpt --><\/p>\n","protected":false},"author":1,"featured_media":0,"parent":0,"menu_order":0,"comment_status":"closed","ping_status":"closed","template":"","meta":{"footnotes":""},"yoast_head":"<!-- This site is optimized with the Yoast SEO plugin v21.5 - https:\/\/yoast.com\/wordpress\/plugins\/seo\/ -->\n<title>Derecho laboral. &#8211; estudioosambela Derecho laboral.<\/title>\n<meta name=\"description\" content=\"Nos dedicamos al derecho laboral, trabajadores: despidos, accidentes de trabajo, acoso laboral, trabajo en negro, como empleadores: demandas, telegramas...\" \/>\n<meta name=\"robots\" content=\"index, follow, max-snippet:-1, max-image-preview:large, max-video-preview:-1\" \/>\n<link rel=\"canonical\" href=\"https:\/\/estudioosambela.com.ar\/index.php\/derecho-laboral\/\" \/>\n<meta property=\"og:locale\" content=\"es_ES\" \/>\n<meta property=\"og:type\" content=\"article\" \/>\n<meta property=\"og:title\" content=\"Derecho laboral. &#8211; estudioosambela Derecho laboral.\" \/>\n<meta property=\"og:description\" content=\"Nos dedicamos al derecho laboral, trabajadores: despidos, accidentes de trabajo, acoso laboral, trabajo en negro, como empleadores: demandas, telegramas...\" \/>\n<meta property=\"og:url\" content=\"https:\/\/estudioosambela.com.ar\/index.php\/derecho-laboral\/\" \/>\n<meta property=\"og:site_name\" content=\"estudioosambela\" \/>\n<meta property=\"article:publisher\" content=\"https:\/\/www.facebook.com\/dr.osambela\/\" \/>\n<meta property=\"article:modified_time\" content=\"2020-01-14T03:21:55+00:00\" \/>\n<meta name=\"twitter:card\" content=\"summary_large_image\" \/>\n<meta name=\"twitter:label1\" content=\"Tiempo de lectura\" \/>\n\t<meta name=\"twitter:data1\" content=\"4 minutos\" \/>\n<script type=\"application\/ld+json\" class=\"yoast-schema-graph\">{\"@context\":\"https:\/\/schema.org\",\"@graph\":[{\"@type\":\"WebPage\",\"@id\":\"https:\/\/estudioosambela.com.ar\/index.php\/derecho-laboral\/\",\"url\":\"https:\/\/estudioosambela.com.ar\/index.php\/derecho-laboral\/\",\"name\":\"Derecho laboral. &#8211; estudioosambela Derecho laboral.\",\"isPartOf\":{\"@id\":\"https:\/\/estudioosambela.com.ar\/#website\"},\"datePublished\":\"2020-01-14T03:07:01+00:00\",\"dateModified\":\"2020-01-14T03:21:55+00:00\",\"description\":\"Nos dedicamos al derecho laboral, trabajadores: despidos, accidentes de trabajo, acoso laboral, trabajo en negro, como empleadores: demandas, telegramas...\",\"breadcrumb\":{\"@id\":\"https:\/\/estudioosambela.com.ar\/index.php\/derecho-laboral\/#breadcrumb\"},\"inLanguage\":\"es-AR\",\"potentialAction\":[{\"@type\":\"ReadAction\",\"target\":[\"https:\/\/estudioosambela.com.ar\/index.php\/derecho-laboral\/\"]}]},{\"@type\":\"BreadcrumbList\",\"@id\":\"https:\/\/estudioosambela.com.ar\/index.php\/derecho-laboral\/#breadcrumb\",\"itemListElement\":[{\"@type\":\"ListItem\",\"position\":1,\"name\":\"Inicio\",\"item\":\"https:\/\/estudioosambela.com.ar\/\"},{\"@type\":\"ListItem\",\"position\":2,\"name\":\"Derecho laboral.\"}]},{\"@type\":\"WebSite\",\"@id\":\"https:\/\/estudioosambela.com.ar\/#website\",\"url\":\"https:\/\/estudioosambela.com.ar\/\",\"name\":\"estudioosambela\",\"description\":\"Estudio Jurido integral\",\"publisher\":{\"@id\":\"https:\/\/estudioosambela.com.ar\/#organization\"},\"potentialAction\":[{\"@type\":\"SearchAction\",\"target\":{\"@type\":\"EntryPoint\",\"urlTemplate\":\"https:\/\/estudioosambela.com.ar\/?s={search_term_string}\"},\"query-input\":\"required name=search_term_string\"}],\"inLanguage\":\"es-AR\"},{\"@type\":\"Organization\",\"@id\":\"https:\/\/estudioosambela.com.ar\/#organization\",\"name\":\"Estudio Jur\u00eddico Osambela\",\"url\":\"https:\/\/estudioosambela.com.ar\/\",\"logo\":{\"@type\":\"ImageObject\",\"inLanguage\":\"es-AR\",\"@id\":\"https:\/\/estudioosambela.com.ar\/#\/schema\/logo\/image\/\",\"url\":\"https:\/\/estudioosambela.com.ar\/wp-content\/uploads\/2020\/01\/JUAN-LOGO_horiz_5.jpg\",\"contentUrl\":\"https:\/\/estudioosambela.com.ar\/wp-content\/uploads\/2020\/01\/JUAN-LOGO_horiz_5.jpg\",\"width\":797,\"height\":472,\"caption\":\"Estudio Jur\u00eddico Osambela\"},\"image\":{\"@id\":\"https:\/\/estudioosambela.com.ar\/#\/schema\/logo\/image\/\"},\"sameAs\":[\"https:\/\/www.facebook.com\/dr.osambela\/\",\"https:\/\/www.instagram.com\/estudioosambela\/\",\"https:\/\/www.linkedin.com\/in\/juan-cruz-osambela\/\"]}]}<\/script>\n<!-- \/ Yoast SEO plugin. -->","yoast_head_json":{"title":"Derecho laboral. &#8211; estudioosambela Derecho laboral.","description":"Nos dedicamos al derecho laboral, trabajadores: despidos, accidentes de trabajo, acoso laboral, trabajo en negro, como empleadores: demandas, telegramas...","robots":{"index":"index","follow":"follow","max-snippet":"max-snippet:-1","max-image-preview":"max-image-preview:large","max-video-preview":"max-video-preview:-1"},"canonical":"https:\/\/estudioosambela.com.ar\/index.php\/derecho-laboral\/","og_locale":"es_ES","og_type":"article","og_title":"Derecho laboral. &#8211; estudioosambela Derecho laboral.","og_description":"Nos dedicamos al derecho laboral, trabajadores: despidos, accidentes de trabajo, acoso laboral, trabajo en negro, como empleadores: demandas, telegramas...","og_url":"https:\/\/estudioosambela.com.ar\/index.php\/derecho-laboral\/","og_site_name":"estudioosambela","article_publisher":"https:\/\/www.facebook.com\/dr.osambela\/","article_modified_time":"2020-01-14T03:21:55+00:00","twitter_card":"summary_large_image","twitter_misc":{"Tiempo de lectura":"4 minutos"},"schema":{"@context":"https:\/\/schema.org","@graph":[{"@type":"WebPage","@id":"https:\/\/estudioosambela.com.ar\/index.php\/derecho-laboral\/","url":"https:\/\/estudioosambela.com.ar\/index.php\/derecho-laboral\/","name":"Derecho laboral. &#8211; estudioosambela Derecho laboral.","isPartOf":{"@id":"https:\/\/estudioosambela.com.ar\/#website"},"datePublished":"2020-01-14T03:07:01+00:00","dateModified":"2020-01-14T03:21:55+00:00","description":"Nos dedicamos al derecho laboral, trabajadores: despidos, accidentes de trabajo, acoso laboral, trabajo en negro, como empleadores: demandas, telegramas...","breadcrumb":{"@id":"https:\/\/estudioosambela.com.ar\/index.php\/derecho-laboral\/#breadcrumb"},"inLanguage":"es-AR","potentialAction":[{"@type":"ReadAction","target":["https:\/\/estudioosambela.com.ar\/index.php\/derecho-laboral\/"]}]},{"@type":"BreadcrumbList","@id":"https:\/\/estudioosambela.com.ar\/index.php\/derecho-laboral\/#breadcrumb","itemListElement":[{"@type":"ListItem","position":1,"name":"Inicio","item":"https:\/\/estudioosambela.com.ar\/"},{"@type":"ListItem","position":2,"name":"Derecho laboral."}]},{"@type":"WebSite","@id":"https:\/\/estudioosambela.com.ar\/#website","url":"https:\/\/estudioosambela.com.ar\/","name":"estudioosambela","description":"Estudio Jurido integral","publisher":{"@id":"https:\/\/estudioosambela.com.ar\/#organization"},"potentialAction":[{"@type":"SearchAction","target":{"@type":"EntryPoint","urlTemplate":"https:\/\/estudioosambela.com.ar\/?s={search_term_string}"},"query-input":"required name=search_term_string"}],"inLanguage":"es-AR"},{"@type":"Organization","@id":"https:\/\/estudioosambela.com.ar\/#organization","name":"Estudio Jur\u00eddico Osambela","url":"https:\/\/estudioosambela.com.ar\/","logo":{"@type":"ImageObject","inLanguage":"es-AR","@id":"https:\/\/estudioosambela.com.ar\/#\/schema\/logo\/image\/","url":"https:\/\/estudioosambela.com.ar\/wp-content\/uploads\/2020\/01\/JUAN-LOGO_horiz_5.jpg","contentUrl":"https:\/\/estudioosambela.com.ar\/wp-content\/uploads\/2020\/01\/JUAN-LOGO_horiz_5.jpg","width":797,"height":472,"caption":"Estudio Jur\u00eddico Osambela"},"image":{"@id":"https:\/\/estudioosambela.com.ar\/#\/schema\/logo\/image\/"},"sameAs":["https:\/\/www.facebook.com\/dr.osambela\/","https:\/\/www.instagram.com\/estudioosambela\/","https:\/\/www.linkedin.com\/in\/juan-cruz-osambela\/"]}]}},"_links":{"self":[{"href":"https:\/\/estudioosambela.com.ar\/index.php\/wp-json\/wp\/v2\/pages\/51"}],"collection":[{"href":"https:\/\/estudioosambela.com.ar\/index.php\/wp-json\/wp\/v2\/pages"}],"about":[{"href":"https:\/\/estudioosambela.com.ar\/index.php\/wp-json\/wp\/v2\/types\/page"}],"author":[{"embeddable":true,"href":"https:\/\/estudioosambela.com.ar\/index.php\/wp-json\/wp\/v2\/users\/1"}],"replies":[{"embeddable":true,"href":"https:\/\/estudioosambela.com.ar\/index.php\/wp-json\/wp\/v2\/comments?post=51"}],"version-history":[{"count":3,"href":"https:\/\/estudioosambela.com.ar\/index.php\/wp-json\/wp\/v2\/pages\/51\/revisions"}],"predecessor-version":[{"id":57,"href":"https:\/\/estudioosambela.com.ar\/index.php\/wp-json\/wp\/v2\/pages\/51\/revisions\/57"}],"wp:attachment":[{"href":"https:\/\/estudioosambela.com.ar\/index.php\/wp-json\/wp\/v2\/media?parent=51"}],"curies":[{"name":"wp","href":"https:\/\/api.w.org\/{rel}","templated":true}]}}